{"id":19,"date":"2024-01-27T21:38:26","date_gmt":"2024-01-27T18:38:26","guid":{"rendered":"https:\/\/baunwindsafe.balikesir.edu.tr\/?page_id=19"},"modified":"2025-01-09T22:09:08","modified_gmt":"2025-01-09T19:09:08","slug":"egitimlerimiz","status":"publish","type":"page","link":"https:\/\/baunwindsafe.balikesir.edu.tr\/index.php\/egitimlerimiz\/","title":{"rendered":"E\u011fitimlerimiz"},"content":{"rendered":"\n<p>GWO Temel G\u00fcvenlik E\u011fitimi&#8217;nin (BST) tamamlanmas\u0131n\u0131n ard\u0131ndan, kat\u0131l\u0131mc\u0131lar r\u00fczgar end\u00fcstrisinde \u00e7al\u0131\u015f\u0131rken kar\u015f\u0131la\u015f\u0131lan tehlikeler ve bu tehlikelerin nas\u0131l kontrol edilece\u011fi ve azalt\u0131laca\u011f\u0131 konusunda bir fark\u0131ndal\u0131\u011fa sahip olacaklard\u0131r.<\/p>\n\n\n\n<p>BST ayr\u0131ca kat\u0131l\u0131mc\u0131lar\u0131 acil bir durumda uygun \u015fekilde yan\u0131t vermek ve ki\u015fisel koruyucu ekipman, acil durum ekipman\u0131 ve prosed\u00fcrlerinin do\u011fru kullan\u0131m\u0131 yoluyla g\u00fcvenliklerini art\u0131rmak i\u00e7in bilgi, beceri ve g\u00fcven ile donatacakt\u0131r.<\/p>\n\n\n\n<p>Onayl\u0131 GWO Temel G\u00fcvenlik E\u011fitimi (BST), kat\u0131l\u0131mc\u0131lara yang\u0131n fark\u0131ndal\u0131\u011f\u0131, ilk yard\u0131m, y\u00fcksekte \u00e7al\u0131\u015fma ve elle kald\u0131rma ve ta\u015f\u0131ma gibi \u00f6nemli beceriler kazand\u0131r\u0131r.<\/p>\n\n\n\n<figure class=\"wp-block-table\"><table><tbody><tr><td><strong>E\u011fitim S\u00fcresi<\/strong><\/td><td>BST T\u00fcm mod\u00fcller 4 G\u00fcn (E\u011fitim i\u00e7eri\u011finde belirtilen mod\u00fcller ayr\u0131 ayr\u0131 sa\u011flanabilmektedir)<\/td><\/tr><tr><td><strong>Kat\u0131l\u0131mc\u0131 Say\u0131s\u0131<\/strong><\/td><td>En fazla 6 ki\u015fi<\/td><\/tr><tr><td><strong>E\u011fitim Talep T\u00fcr\u00fc<\/strong><\/td><td>Kapal\u0131 grup + genel kat\u0131l\u0131ma a\u00e7\u0131k gruplar<\/td><\/tr><tr><td><strong>Hedef Kat\u0131l\u0131mc\u0131<\/strong><\/td><td>R\u00fczg\u00e2r t\u00fcrbinlerinde \u00e7al\u0131\u015fan; proje m\u00fcd\u00fcrleri, bak\u0131m onar\u0131m personeli, elektrik\u00e7iler, vin\u00e7 \u00e7al\u0131\u015fanlar\u0131, kurulum ekipleri, saha m\u00fcd\u00fcrleri, s\u00fcperviz\u00f6rler, saha m\u00fchendisleri, &nbsp;\u0130SG<strong>&nbsp;(\u0130\u015f sa\u011fl\u0131\u011f\u0131 ve g\u00fcvenli\u011fi)<\/strong>&nbsp;personelleri<\/td><\/tr><tr><td><strong>E\u011fitim Dili<\/strong><\/td><td>T\u00fcrk\u00e7e \/ \u0130ngilizce<\/td><\/tr><tr><td><strong>E\u011fitim Hedefleri<\/strong><\/td><td>Bu BST e\u011fitimi, kat\u0131l\u0131mc\u0131lar\u0131n ilk yard\u0131m, y\u00fcksekte \u00e7al\u0131\u015fma, elle kald\u0131rma, yang\u0131n fark\u0131ndal\u0131\u011f\u0131 bilgi ve becerilerine sahip olarak kendilerini ve sekt\u00f6rde \u00e7al\u0131\u015fan di\u011fer ki\u015fileri desteklemelerini ve onlar\u0131 g\u00f6zetebilmeleri, tahliye edebilmelerini, kurtarabilmelerini ve kay\u0131plara uygun ilk yard\u0131m sa\u011flayabilmelerini sa\u011flayacakt\u0131r.<\/td><\/tr><tr><td><strong>E\u011fitmen Nitelikleri<\/strong><\/td><td>\u00dcniversite GWO Onayl\u0131 E\u011fitim Uzmanlar\u0131<\/td><\/tr><tr><td><strong>E\u011fitim \u0130\u00e7eri\u011fi<\/strong><\/td><td>GWO Y\u00fcksekte \u00c7al\u0131\u015fma (2 g\u00fcn) (BST-WAH) <br>GWO \u0130lk yard\u0131m (1 g\u00fcn)(BST-FA)<br>GWO Yang\u0131n G\u00fcvenli\u011fi (0,5 g\u00fcn)(BST-FAW)<br>GWO Elle Ta\u015f\u0131ma &#8211; Kald\u0131rma (0,5 g\u00fcn)(BST-MH)<br>Yukar\u0131daki mod\u00fcller i\u00e7in Yenileme  (BST-R)<br>Yukar\u0131daki mod\u00fcller i\u00e7in Dijital \u00d6\u011frenme <\/td><\/tr><tr><td><strong>E\u011fitim Y\u00f6ntemi<\/strong><\/td><td>Teorik + s\u0131n\u0131f i\u00e7i uygulamalar + saha uygulamalar\u0131<\/td><\/tr><tr><td><strong>De\u011ferlendirme<\/strong><\/td><td>\u00d6n ve son de\u011ferlendirme s\u0131nav\u0131 + uygulama de\u011ferlendirmesi<\/td><\/tr><\/tbody><\/table><\/figure>\n\n\n\n<p>E\u011fitime kay\u0131t i\u00e7in, WINDA ID alman\u0131z gerekmektedir. WINDA ID almak i\u00e7in bu sayfadan indirebilece\u011finiz&nbsp;<strong><a href=\"https:\/\/baunwindsafe.balikesir.edu.tr\/wp-content\/uploads\/2024\/02\/Winda-Kayit-Islemleri.pdf\">WINDA Talimat\u0131n\u0131<\/a>&nbsp;<\/strong>takip etmenizi rica ederiz.&nbsp;<br>E\u011fitime kat\u0131lmak i\u00e7in herhangi bir sa\u011fl\u0131k sorununuz olmad\u0131\u011f\u0131n\u0131 beyan etmeniz gerekmektedir.&nbsp;<a href=\"https:\/\/baunwindsafe.balikesir.edu.tr\/wp-content\/uploads\/2024\/02\/AYS.F.16-BAUN_GWO_Saglik-Beyan-Formu.pdf\"><strong>Sa\u011fl\u0131k beyan\u0131n\u0131 bu sayfadan<\/strong><\/a>&nbsp;indirebilirsiniz. Sa\u011fl\u0131k beyan formu, e\u011fitime geldi\u011finizde e\u011fitmenlerimiz taraf\u0131ndan size imzalat\u0131lacakt\u0131r.&nbsp;<\/p>\n","protected":false},"excerpt":{"rendered":"<p>GWO Temel G\u00fcvenlik E\u011fitimi&#8217;nin (BST) tamamlanmas\u0131n\u0131n ard\u0131ndan, kat\u0131l\u0131mc\u0131lar r\u00fczgar end\u00fcstrisinde \u00e7al\u0131\u015f\u0131rken kar\u015f\u0131la\u015f\u0131lan tehlikeler ve bu tehlikelerin nas\u0131l kontrol edilece\u011fi ve azalt\u0131laca\u011f\u0131 konusunda bir fark\u0131ndal\u0131\u011fa sahip olacaklard\u0131r. BST ayr\u0131ca kat\u0131l\u0131mc\u0131lar\u0131 acil bir durumda uygun \u015fekilde yan\u0131t vermek ve ki\u015fisel koruyucu ekipman, acil durum ekipman\u0131 ve prosed\u00fcrlerinin do\u011fru kullan\u0131m\u0131 yoluyla g\u00fcvenliklerini art\u0131rmak i\u00e7in bilgi, beceri ve g\u00fcven [&hellip;]<\/p>\n","protected":false},"author":1,"featured_media":0,"parent":0,"menu_order":0,"comment_status":"closed","ping_status":"closed","template":"","meta":{"footnotes":""},"_links":{"self":[{"href":"https:\/\/baunwindsafe.balikesir.edu.tr\/index.php\/wp-json\/wp\/v2\/pages\/19"}],"collection":[{"href":"https:\/\/baunwindsafe.balikesir.edu.tr\/index.php\/wp-json\/wp\/v2\/pages"}],"about":[{"href":"https:\/\/baunwindsafe.balikesir.edu.tr\/index.php\/wp-json\/wp\/v2\/types\/page"}],"author":[{"embeddable":true,"href":"https:\/\/baunwindsafe.balikesir.edu.tr\/index.php\/wp-json\/wp\/v2\/users\/1"}],"replies":[{"embeddable":true,"href":"https:\/\/baunwindsafe.balikesir.edu.tr\/index.php\/wp-json\/wp\/v2\/comments?post=19"}],"version-history":[{"count":7,"href":"https:\/\/baunwindsafe.balikesir.edu.tr\/index.php\/wp-json\/wp\/v2\/pages\/19\/revisions"}],"predecessor-version":[{"id":488,"href":"https:\/\/baunwindsafe.balikesir.edu.tr\/index.php\/wp-json\/wp\/v2\/pages\/19\/revisions\/488"}],"wp:attachment":[{"href":"https:\/\/baunwindsafe.balikesir.edu.tr\/index.php\/wp-json\/wp\/v2\/media?parent=19"}],"curies":[{"name":"wp","href":"https:\/\/api.w.org\/{rel}","templated":true}]}}