{"id":164,"date":"2024-03-03T14:38:00","date_gmt":"2024-03-03T11:38:00","guid":{"rendered":"https:\/\/baunwindsafe.balikesir.edu.tr\/?page_id=164"},"modified":"2024-03-13T23:57:39","modified_gmt":"2024-03-13T20:57:39","slug":"iletisim","status":"publish","type":"page","link":"https:\/\/baunwindsafe.balikesir.edu.tr\/index.php\/iletisim\/","title":{"rendered":"\u0130leti\u015fim"},"content":{"rendered":"\n<div class=\"wp-block-columns is-layout-flex wp-container-core-columns-layout-2 wp-block-columns-is-layout-flex\">\n<div class=\"wp-block-column is-layout-flow wp-block-column-is-layout-flow\">\n<div class=\"wp-block-columns is-layout-flex wp-container-core-columns-layout-1 wp-block-columns-is-layout-flex\">\n<div class=\"wp-block-column is-layout-flow wp-block-column-is-layout-flow\">\n<p><strong>BAUNWINDSAFE<\/strong> <br>(E\u011fitim Platformu ve S\u0131n\u0131f\u0131)<\/p>\n\n\n\n<p><strong>Adres: <\/strong>Bal\u0131kesir \u00dcniversitesi M\u00fchendislik Fak\u00fcltesi Ek Bina 10145 Alt\u0131eyl\u00fcl \/ Bal\u0131kesir<br><strong>E posta :<\/strong>baunwindsafe@gmail.com<\/p>\n\n\n\n<p><strong>BAUNSEM<\/strong><\/p>\n\n\n\n<p><strong>Adres: <\/strong>Soma Cd. Dink\u00e7iler Mh. No:20\/1 Alt\u0131eyl\u00fcl\/Bal\u0131kesir<br>Tel :0 266 243 14 81<br><strong>E posta :<\/strong>baunsem@balikesir.edu.tr <strong>Web sitesi:<\/strong> baunsem.balikesir.edu.tr<\/p>\n\n\n\n<p><strong>\u00c7ALI\u015eMA SAATLER\u0130<\/strong><\/p>\n\n\n\n<p>Pazartesi &#8211; Cuma: 09:00 &#8211; 17:00 <br>Cumartesi ve Pazar: (E\u011fitim planlanabilir)<\/p>\n<\/div>\n\n\n\n<div class=\"wp-block-column is-layout-flow wp-block-column-is-layout-flow\">\n<iframe src=\"https:\/\/www.google.com\/maps\/embed?pb=!1m18!1m12!1m3!1d3076.7761476287105!2d28.0055447763948!3d39.54210360840653!2m3!1f0!2f0!3f0!3m2!1i1024!2i768!4f13.1!3m3!1m2!1s0x14b7a9481448c4b7%3A0xaebd004fad03729f!2sBalikesir%20Universitesi%20Muhendislik%20Fakultesi%20Ek%20Bina!5e0!3m2!1str!2str!4v1710004543758!5m2!1str!2str\" width=\"600\" height=\"450\" style=\"border:0;\" allowfullscreen=\"\" loading=\"lazy\" referrerpolicy=\"no-referrer-when-downgrade\"><\/iframe>\n<\/div>\n<\/div>\n\n\n\n<p><\/p>\n<\/div>\n<\/div>\n","protected":false},"excerpt":{"rendered":"<p>BAUNWINDSAFE (E\u011fitim Platformu ve S\u0131n\u0131f\u0131) Adres: Bal\u0131kesir \u00dcniversitesi M\u00fchendislik Fak\u00fcltesi Ek Bina 10145 Alt\u0131eyl\u00fcl \/ Bal\u0131kesirE posta :baunwindsafe@gmail.com BAUNSEM Adres: Soma Cd. Dink\u00e7iler Mh. No:20\/1 Alt\u0131eyl\u00fcl\/Bal\u0131kesirTel :0 266 243 14 81E posta :baunsem@balikesir.edu.tr Web sitesi: baunsem.balikesir.edu.tr \u00c7ALI\u015eMA SAATLER\u0130 Pazartesi &#8211; Cuma: 09:00 &#8211; 17:00 Cumartesi ve Pazar: (E\u011fitim planlanabilir)<\/p>\n","protected":false},"author":1,"featured_media":0,"parent":0,"menu_order":0,"comment_status":"closed","ping_status":"closed","template":"","meta":{"footnotes":""},"_links":{"self":[{"href":"https:\/\/baunwindsafe.balikesir.edu.tr\/index.php\/wp-json\/wp\/v2\/pages\/164"}],"collection":[{"href":"https:\/\/baunwindsafe.balikesir.edu.tr\/index.php\/wp-json\/wp\/v2\/pages"}],"about":[{"href":"https:\/\/baunwindsafe.balikesir.edu.tr\/index.php\/wp-json\/wp\/v2\/types\/page"}],"author":[{"embeddable":true,"href":"https:\/\/baunwindsafe.balikesir.edu.tr\/index.php\/wp-json\/wp\/v2\/users\/1"}],"replies":[{"embeddable":true,"href":"https:\/\/baunwindsafe.balikesir.edu.tr\/index.php\/wp-json\/wp\/v2\/comments?post=164"}],"version-history":[{"count":9,"href":"https:\/\/baunwindsafe.balikesir.edu.tr\/index.php\/wp-json\/wp\/v2\/pages\/164\/revisions"}],"predecessor-version":[{"id":196,"href":"https:\/\/baunwindsafe.balikesir.edu.tr\/index.php\/wp-json\/wp\/v2\/pages\/164\/revisions\/196"}],"wp:attachment":[{"href":"https:\/\/baunwindsafe.balikesir.edu.tr\/index.php\/wp-json\/wp\/v2\/media?parent=164"}],"curies":[{"name":"wp","href":"https:\/\/api.w.org\/{rel}","templated":true}]}}