{"id":13,"date":"2024-01-27T21:30:12","date_gmt":"2024-01-27T18:30:12","guid":{"rendered":"https:\/\/baunwindsafe.balikesir.edu.tr\/?page_id=13"},"modified":"2026-01-04T01:06:46","modified_gmt":"2026-01-03T22:06:46","slug":"hakkimizda","status":"publish","type":"page","link":"https:\/\/baunwindsafe.balikesir.edu.tr\/index.php\/hakkimizda\/","title":{"rendered":"Hakk\u0131m\u0131zda"},"content":{"rendered":"\n<p id=\"E155\"><strong>M\u0130SYON<\/strong><\/p>\n\n\n\n<p id=\"E158\">\u00dcniversitemizin, di\u011fer kamu ve \u00f6zel ki\u015fi, kurum ve kurulu\u015flar\u0131n hizmet i\u00e7i e\u011fitim ile mesleki e\u011fitim taleplerini kar\u015f\u0131lamak, aktif istihdam\u0131n geli\u015fimine katk\u0131 sa\u011flamak ve adil, e\u015fit, tarafs\u0131z ve s\u00fcrd\u00fcr\u00fclebilir bir GWO E\u011fitim Sa\u011flay\u0131c\u0131 kurumu i\u015flevlerini y\u00fcr\u00fctmektir.<\/p>\n\n\n\n<p id=\"E160\"><\/p>\n\n\n\n<p id=\"E162\"><strong>V\u0130ZYON<\/strong><\/p>\n\n\n\n<p id=\"E165\">Ulusal ve uluslararas\u0131 standartlar taraf\u0131ndan tan\u0131mlanm\u0131\u015f ve ulusal yeterliliklere g\u00f6re ilgili kapsamlarda; evrensel de\u011ferlere sayg\u0131l\u0131, tarafs\u0131z, profesyonel ve adil bir GWO E\u011fitim Sa\u011flay\u0131c\u0131 Kurumu olmak.<\/p>\n\n\n\n<p id=\"E167\">Bunu sa\u011flamak i\u00e7in;<\/p>\n\n\n\n<p id=\"E169\">GWO taraf\u0131ndan akredite edilmi\u015f bir GWO E\u011fitim Sa\u011flay\u0131c\u0131 Kurulu\u015fu olarak,<\/p>\n\n\n\n<p id=\"E171\">Yetkilendirildi\u011fimiz kapsamlarda e\u011fitim vermek ve \u00e7al\u0131\u015fanlar\u0131n ilgili sa\u011fl\u0131k ve g\u00fcvenli\u011fi konular\u0131nda e\u011fitimlerini sa\u011flamak, makul bir i\u015f sa\u011fl\u0131\u011f\u0131 ve g\u00fcvenli\u011fi y\u00f6netim sistemi kurmak veya kullanmak, \u00e7al\u0131\u015fanlar\u0131n ve kursiyerlerin sa\u011fl\u0131\u011f\u0131 ve g\u00fcvenli\u011fi i\u00e7in sorumluluk almak, tehlikeleri kontrol alt\u0131na almak ve kazalara ve meslek hastal\u0131klar\u0131na kar\u015f\u0131 m\u00fcmk\u00fcn olan en iyi makul ihtiyati tedbirleri almakt\u0131r.<\/p>\n\n\n\n<figure class=\"wp-block-table is-style-regular\"><table class=\"has-contrast-color has-accent-5-background-color has-text-color has-background has-link-color\"><tbody><tr><td class=\"has-text-align-center\" data-align=\"center\"><strong>GWO E\u011fitimlerimizde<\/strong><\/td><\/tr><tr><td class=\"has-text-align-center\" data-align=\"center\"><strong>2025 Y\u0131l\u0131<\/strong><\/td><\/tr><tr><td class=\"has-text-align-center\" data-align=\"center\"><strong>M\u00fc\u015fteri Memnuniyet Oran\u0131m\u0131z<\/strong><\/td><\/tr><tr><td class=\"has-text-align-center\" data-align=\"center\"><strong>% 100<\/strong><\/td><\/tr><\/tbody><\/table><\/figure>\n","protected":false},"excerpt":{"rendered":"<p>M\u0130SYON \u00dcniversitemizin, di\u011fer kamu ve \u00f6zel ki\u015fi, kurum ve kurulu\u015flar\u0131n hizmet i\u00e7i e\u011fitim ile mesleki e\u011fitim taleplerini kar\u015f\u0131lamak, aktif istihdam\u0131n geli\u015fimine katk\u0131 sa\u011flamak ve adil, e\u015fit, tarafs\u0131z ve s\u00fcrd\u00fcr\u00fclebilir bir GWO E\u011fitim Sa\u011flay\u0131c\u0131 kurumu i\u015flevlerini y\u00fcr\u00fctmektir. V\u0130ZYON Ulusal ve uluslararas\u0131 standartlar taraf\u0131ndan tan\u0131mlanm\u0131\u015f ve ulusal yeterliliklere g\u00f6re ilgili kapsamlarda; evrensel de\u011ferlere sayg\u0131l\u0131, tarafs\u0131z, profesyonel ve [&hellip;]<\/p>\n","protected":false},"author":1,"featured_media":0,"parent":0,"menu_order":0,"comment_status":"closed","ping_status":"closed","template":"","meta":{"footnotes":""},"_links":{"self":[{"href":"https:\/\/baunwindsafe.balikesir.edu.tr\/index.php\/wp-json\/wp\/v2\/pages\/13"}],"collection":[{"href":"https:\/\/baunwindsafe.balikesir.edu.tr\/index.php\/wp-json\/wp\/v2\/pages"}],"about":[{"href":"https:\/\/baunwindsafe.balikesir.edu.tr\/index.php\/wp-json\/wp\/v2\/types\/page"}],"author":[{"embeddable":true,"href":"https:\/\/baunwindsafe.balikesir.edu.tr\/index.php\/wp-json\/wp\/v2\/users\/1"}],"replies":[{"embeddable":true,"href":"https:\/\/baunwindsafe.balikesir.edu.tr\/index.php\/wp-json\/wp\/v2\/comments?post=13"}],"version-history":[{"count":6,"href":"https:\/\/baunwindsafe.balikesir.edu.tr\/index.php\/wp-json\/wp\/v2\/pages\/13\/revisions"}],"predecessor-version":[{"id":494,"href":"https:\/\/baunwindsafe.balikesir.edu.tr\/index.php\/wp-json\/wp\/v2\/pages\/13\/revisions\/494"}],"wp:attachment":[{"href":"https:\/\/baunwindsafe.balikesir.edu.tr\/index.php\/wp-json\/wp\/v2\/media?parent=13"}],"curies":[{"name":"wp","href":"https:\/\/api.w.org\/{rel}","templated":true}]}}